{"id":18823,"date":"2021-08-18T14:49:30","date_gmt":"2021-08-18T17:49:30","guid":{"rendered":"http:\/\/www.fumssar.com.br\/?page_id=18823"},"modified":"2021-08-18T14:58:17","modified_gmt":"2021-08-18T17:58:17","slug":"registro-de-sobras-de-vacinas","status":"publish","type":"page","link":"http:\/\/www.fumssar.com.br\/?page_id=18823","title":{"rendered":"Registro de Sobras de Vacinas"},"content":{"rendered":"\n<p class=\"has-medium-font-size\"><strong>O munic\u00edpio de Santa Rosa n\u00e3o possui sobras de doses de vacinas pois adotou o sistema de agendamento. Dessa maneira temos uma melhor organiza\u00e7\u00e3o, evitando as aglomera\u00e7\u00f5es nos locais de vacina\u00e7\u00e3o e o desperd\u00edcio de doses.<\/strong><\/p>\n\n\n\n<hr class=\"wp-block-separator\"\/>\n\n\n\n<p class=\"has-medium-font-size\">Para mais informa\u00e7\u00f5es acesse o site da Secretaria Estadual de Sa\u00fade no link abaixo. No site est\u00e3o listadas as cidades. Busque por Santa Rosa no menu buscar ou pela tabela listada e clique em + DETALHES. <\/p>\n\n\n\n<p style=\"background-color:#e3e3e3;text-align:center\" class=\"has-background has-medium-font-size\"><a href=\"https:\/\/vacina.saude.rs.gov.br\/\">https:\/\/vacina.saude.rs.gov.br\/<\/a><\/p>\n","protected":false},"excerpt":{"rendered":"<p>O munic\u00edpio de Santa Rosa n\u00e3o possui sobras de doses de vacinas pois adotou o&#8230;<\/p>\n","protected":false},"author":1,"featured_media":0,"parent":0,"menu_order":0,"comment_status":"closed","ping_status":"closed","template":"","meta":{"footnotes":""},"_links":{"self":[{"href":"http:\/\/www.fumssar.com.br\/index.php?rest_route=\/wp\/v2\/pages\/18823"}],"collection":[{"href":"http:\/\/www.fumssar.com.br\/index.php?rest_route=\/wp\/v2\/pages"}],"about":[{"href":"http:\/\/www.fumssar.com.br\/index.php?rest_route=\/wp\/v2\/types\/page"}],"author":[{"embeddable":true,"href":"http:\/\/www.fumssar.com.br\/index.php?rest_route=\/wp\/v2\/users\/1"}],"replies":[{"embeddable":true,"href":"http:\/\/www.fumssar.com.br\/index.php?rest_route=%2Fwp%2Fv2%2Fcomments&post=18823"}],"version-history":[{"count":7,"href":"http:\/\/www.fumssar.com.br\/index.php?rest_route=\/wp\/v2\/pages\/18823\/revisions"}],"predecessor-version":[{"id":18830,"href":"http:\/\/www.fumssar.com.br\/index.php?rest_route=\/wp\/v2\/pages\/18823\/revisions\/18830"}],"wp:attachment":[{"href":"http:\/\/www.fumssar.com.br\/index.php?rest_route=%2Fwp%2Fv2%2Fmedia&parent=18823"}],"curies":[{"name":"wp","href":"https:\/\/api.w.org\/{rel}","templated":true}]}}