{"id":18107,"date":"2021-07-08T16:29:07","date_gmt":"2021-07-08T19:29:07","guid":{"rendered":"http:\/\/www.fumssar.com.br\/?page_id=18107"},"modified":"2021-07-13T10:20:08","modified_gmt":"2021-07-13T13:20:08","slug":"gastos-e-receitas-covid-19","status":"publish","type":"page","link":"http:\/\/www.fumssar.com.br\/?page_id=18107","title":{"rendered":"Gastos e Receitas COVID-19"},"content":{"rendered":"\n<h3 class=\"wp-block-heading\">Selecione abaixo a op\u00e7\u00e3o desejada:<\/h3>\n\n\n\n<div style=\"height:20px\" aria-hidden=\"true\" class=\"wp-block-spacer\"><\/div>\n\n\n\n<style>\n.btn-custom {\n   padding-top: 26px;\n   padding-bottom: 26px;\n   margin-top: 15px;\n   margin-right: 5px;\n   margin-bottom: 15px;\n   border-radius:4px;\n   border: none;\n   vertical-align: middle !important;\n   align-items: center;\n   text-align: center;\n   background-color:#005E5C;\n   color:#fff !important;\n   font-weight: bold;\n   width: 260px;\n   height: 80px;  \n}\n\n.btn-custom:hover {\n   background: #008E83;\n   color: #fff !important;\n   \n}\n\n@media (max-width: 600px) {\n  .align-div {\n    text-align:center;\n  }\n}\n<\/style>\n\n<div class=\"align-div\" id=\"conteiner-botoes\">\n\n<a href=\"https:\/\/fmssantarosa.atende.net\/?pg=transparencia#!\/grupo\/15\/item\/2\/tipo\/1\" target=\"_blank\" class=\"btn btn-default btn-lg btn-custom\" role=\"button\" rel=\"noopener noreferrer\">&nbsp;&nbsp;Licita\u00e7\u00f5es<\/a>\n\n<a href=\"https:\/\/fmssantarosa.atende.net\/?pg=transparencia#!\/grupo\/15\/item\/4\/tipo\/1\" target=\"_blank\" class=\"btn btn-default btn-lg btn-custom\" role=\"button\" rel=\"noopener noreferrer\">&nbsp;&nbsp;Ordens de Compra<\/a>\n\n<a href=\"https:\/\/fmssantarosa.atende.net\/?pg=transparencia#!\/grupo\/15\/item\/15\/tipo\/1\" target=\"_blank\" class=\"btn btn-default btn-lg btn-custom\" role=\"button\" rel=\"noopener noreferrer\">&nbsp;&nbsp;Vacina\u00e7\u00f5es e Insumos<\/a>\n\n<\/div>\n\n\n\n<div style=\"height:20px\" aria-hidden=\"true\" class=\"wp-block-spacer\"><\/div>\n","protected":false},"excerpt":{"rendered":"<p>Selecione abaixo a op\u00e7\u00e3o desejada: &nbsp;&nbsp;Licita\u00e7\u00f5es &nbsp;&nbsp;Ordens de Compra &nbsp;&nbsp;Vacina\u00e7\u00f5es e Insumos<\/p>\n","protected":false},"author":16,"featured_media":0,"parent":0,"menu_order":0,"comment_status":"closed","ping_status":"closed","template":"","meta":{"footnotes":""},"_links":{"self":[{"href":"http:\/\/www.fumssar.com.br\/index.php?rest_route=\/wp\/v2\/pages\/18107"}],"collection":[{"href":"http:\/\/www.fumssar.com.br\/index.php?rest_route=\/wp\/v2\/pages"}],"about":[{"href":"http:\/\/www.fumssar.com.br\/index.php?rest_route=\/wp\/v2\/types\/page"}],"author":[{"embeddable":true,"href":"http:\/\/www.fumssar.com.br\/index.php?rest_route=\/wp\/v2\/users\/16"}],"replies":[{"embeddable":true,"href":"http:\/\/www.fumssar.com.br\/index.php?rest_route=%2Fwp%2Fv2%2Fcomments&post=18107"}],"version-history":[{"count":26,"href":"http:\/\/www.fumssar.com.br\/index.php?rest_route=\/wp\/v2\/pages\/18107\/revisions"}],"predecessor-version":[{"id":18352,"href":"http:\/\/www.fumssar.com.br\/index.php?rest_route=\/wp\/v2\/pages\/18107\/revisions\/18352"}],"wp:attachment":[{"href":"http:\/\/www.fumssar.com.br\/index.php?rest_route=%2Fwp%2Fv2%2Fmedia&parent=18107"}],"curies":[{"name":"wp","href":"https:\/\/api.w.org\/{rel}","templated":true}]}}