{"id":16100,"date":"2021-01-14T09:21:44","date_gmt":"2021-01-14T12:21:44","guid":{"rendered":"http:\/\/www.fumssar.com.br\/?page_id=16100"},"modified":"2021-03-17T09:14:36","modified_gmt":"2021-03-17T12:14:36","slug":"publicacoes-legais-concursos-e-selecoes-publicas-2021","status":"publish","type":"page","link":"http:\/\/www.fumssar.com.br\/?page_id=16100","title":{"rendered":"Publica\u00e7\u00f5es Legais > Concursos e Sele\u00e7\u00f5es P\u00fablicas > 2021"},"content":{"rendered":"\n<h4><a href=\"http:\/\/www.fumssar.com.br\/?cat=166\"><li>CIEE<\/li><\/a><\/h4>\n<h4><a href=\"http:\/\/www.fumssar.com.br\/?cat=181\"><li>Concurso P\u00fablico 2021<\/li><\/a><\/h4>\n<h4><a href=\"http:\/\/www.fumssar.com.br\/?cat=182\"><li>Sele\u00e7\u00e3o P\u00fablica 2021<\/li><\/a><\/h4>\n<h4><a href=\"http:\/\/www.fumssar.com.br\/?cat=167\"><li>Editais de Convoca\u00e7\u00e3o<\/li><\/a><\/h4>\n","protected":false},"excerpt":{"rendered":"<p>CIEE Concurso P\u00fablico 2021 Sele\u00e7\u00e3o P\u00fablica 2021 Editais de Convoca\u00e7\u00e3o<\/p>\n","protected":false},"author":1,"featured_media":0,"parent":242,"menu_order":0,"comment_status":"closed","ping_status":"closed","template":"","meta":{"footnotes":""},"_links":{"self":[{"href":"http:\/\/www.fumssar.com.br\/index.php?rest_route=\/wp\/v2\/pages\/16100"}],"collection":[{"href":"http:\/\/www.fumssar.com.br\/index.php?rest_route=\/wp\/v2\/pages"}],"about":[{"href":"http:\/\/www.fumssar.com.br\/index.php?rest_route=\/wp\/v2\/types\/page"}],"author":[{"embeddable":true,"href":"http:\/\/www.fumssar.com.br\/index.php?rest_route=\/wp\/v2\/users\/1"}],"replies":[{"embeddable":true,"href":"http:\/\/www.fumssar.com.br\/index.php?rest_route=%2Fwp%2Fv2%2Fcomments&post=16100"}],"version-history":[{"count":6,"href":"http:\/\/www.fumssar.com.br\/index.php?rest_route=\/wp\/v2\/pages\/16100\/revisions"}],"predecessor-version":[{"id":20045,"href":"http:\/\/www.fumssar.com.br\/index.php?rest_route=\/wp\/v2\/pages\/16100\/revisions\/20045"}],"up":[{"embeddable":true,"href":"http:\/\/www.fumssar.com.br\/index.php?rest_route=\/wp\/v2\/pages\/242"}],"wp:attachment":[{"href":"http:\/\/www.fumssar.com.br\/index.php?rest_route=%2Fwp%2Fv2%2Fmedia&parent=16100"}],"curies":[{"name":"wp","href":"https:\/\/api.w.org\/{rel}","templated":true}]}}