{"id":13304,"date":"2019-09-13T10:55:02","date_gmt":"2019-09-13T13:55:02","guid":{"rendered":"http:\/\/www.fumssar.com.br\/?page_id=13304"},"modified":"2024-01-03T16:49:51","modified_gmt":"2024-01-03T19:49:51","slug":"remume","status":"publish","type":"page","link":"http:\/\/www.fumssar.com.br\/?page_id=13304","title":{"rendered":"REMUME"},"content":{"rendered":"\n<p><a href=\"http:\/\/www.fumssar.com.br\/wp-content\/uploads\/2024\/01\/REMUME-2024-2025.pdf\" target=\"_blank\" rel=\"noreferrer noopener\" aria-label=\" (abre numa nova aba)\"><img loading=\"lazy\" decoding=\"async\" width=\"22\" height=\"18\" class=\"wp-image-8219\" style=\"width: 22px;\" src=\"http:\/\/www.fumssar.com.br\/wp-content\/uploads\/2016\/07\/icone-pdf1.gif\" alt=\"\">Rela\u00e7\u00e3o Municipal de Medicamentos Essenciais<\/a><\/p>\n\n\n\n<p><a rel=\"noreferrer noopener\" aria-label=\" (abre numa nova aba)\" href=\"https:\/\/docs.google.com\/forms\/d\/e\/1FAIpQLScV1qjJGiC5HP8DsGP2_eRxpAbNz8GDUgsb1ij7HYvE2n1fZQ\/viewform?usp=sf_link\" target=\"_blank\"><img loading=\"lazy\" decoding=\"async\" width=\"16\" height=\"16\" class=\"wp-image-12537\" style=\"width: 16px;\" src=\"http:\/\/www.fumssar.com.br\/wp-content\/uploads\/2019\/05\/link-icon.png\" alt=\"\">    Formul\u00e1rio de Revis\u00e3o da REMUME<\/a><\/p>\n","protected":false},"excerpt":{"rendered":"<p>Rela\u00e7\u00e3o Municipal de Medicamentos Essenciais Formul\u00e1rio de Revis\u00e3o da REMUME<\/p>\n","protected":false},"author":16,"featured_media":10387,"parent":0,"menu_order":0,"comment_status":"closed","ping_status":"closed","template":"","meta":{"footnotes":""},"_links":{"self":[{"href":"http:\/\/www.fumssar.com.br\/index.php?rest_route=\/wp\/v2\/pages\/13304"}],"collection":[{"href":"http:\/\/www.fumssar.com.br\/index.php?rest_route=\/wp\/v2\/pages"}],"about":[{"href":"http:\/\/www.fumssar.com.br\/index.php?rest_route=\/wp\/v2\/types\/page"}],"author":[{"embeddable":true,"href":"http:\/\/www.fumssar.com.br\/index.php?rest_route=\/wp\/v2\/users\/16"}],"replies":[{"embeddable":true,"href":"http:\/\/www.fumssar.com.br\/index.php?rest_route=%2Fwp%2Fv2%2Fcomments&post=13304"}],"version-history":[{"count":13,"href":"http:\/\/www.fumssar.com.br\/index.php?rest_route=\/wp\/v2\/pages\/13304\/revisions"}],"predecessor-version":[{"id":25961,"href":"http:\/\/www.fumssar.com.br\/index.php?rest_route=\/wp\/v2\/pages\/13304\/revisions\/25961"}],"wp:featuredmedia":[{"embeddable":true,"href":"http:\/\/www.fumssar.com.br\/index.php?rest_route=\/wp\/v2\/media\/10387"}],"wp:attachment":[{"href":"http:\/\/www.fumssar.com.br\/index.php?rest_route=%2Fwp%2Fv2%2Fmedia&parent=13304"}],"curies":[{"name":"wp","href":"https:\/\/api.w.org\/{rel}","templated":true}]}}