{"id":126,"date":"2013-11-29T18:09:12","date_gmt":"2013-11-29T18:09:12","guid":{"rendered":"http:\/\/www.fumssar.com.br\/?page_id=126"},"modified":"2021-06-22T15:09:34","modified_gmt":"2021-06-22T18:09:34","slug":"sobre-o-posto","status":"publish","type":"page","link":"http:\/\/www.fumssar.com.br\/?page_id=126","title":{"rendered":"Unidades de Sa\u00fade > Posto de Sa\u00fade Esperan\u00e7a > Sobre o Posto"},"content":{"rendered":"<h3><strong>Esperan\u00e7a<\/strong><\/h3>\n<h4><strong>Contatos<\/strong><\/h4>\n<p><strong>Telefone:<\/strong> (55) 3513-5173 | 99647-4519<br \/>\n<strong>Email:<\/strong> ubsesperanca@fumssar.com.br<\/p>\n<p>&#8212;<\/p>\n<h4><strong>Endere\u00e7o<\/strong><\/h4>\n<p>Rua Estanislau Kwiatkowski, 267, Esperan\u00e7a, Santa Rosa &#8211; RS<\/p>\n<p><iframe loading=\"lazy\" style=\"border: 0;\" src=\"https:\/\/www.google.com\/maps\/embed?pb=!1m18!1m12!1m3!1d1082.0581934414356!2d-54.4689887500503!3d-27.88040142150202!2m3!1f0!2f0!3f0!3m2!1i1024!2i768!4f13.1!3m3!1m2!1s0x0%3A0x0!2zMjfCsDUyJzUwLjQiUyA1NMKwMjgnMDguNyJX!5e1!3m2!1spt-BR!2sbr!4v1467913134605\" width=\"400\" height=\"300\" frameborder=\"0\" allowfullscreen=\"allowfullscreen\"><\/iframe><\/p>\n<p>&#8212;<\/p>\n<h4><strong>Equipe<\/strong><\/h4>\n<p><a href=\"http:\/\/www.fumssar.com.br\/wp-content\/uploads\/2016\/10\/Esperan\u00e7a.pdf\" target=\"_blank\" rel=\"noopener noreferrer\"><img decoding=\"async\" class=\"\" src=\"http:\/\/www.fumssar.com.br\/wp-content\/uploads\/2016\/10\/botao-profissionais-da-UBS.jpg\" alt=\"\" width=\"\" height=\"\" \/><\/a><\/p>\n<p>&#8212;<\/p>\n<h4><strong>Atividades<\/strong><\/h4>\n<p>Atendimento com a m\u00e9dica;<br \/>\nAtendimento com enfermeiro;<br \/>\nAtendimento com a psic\u00f3loga;<br \/>\nAtendimento com o dentista;<br \/>\nAtendimento com a nutricionista;<br \/>\nAtendimento com a terapeuta ocupacional;<br \/>\nAcolhimento com os t\u00e9cnicos de enfermagem;<br \/>\nCurativos;<br \/>\nAferi\u00e7\u00e3o da press\u00e3o arterial;<br \/>\nAferi\u00e7\u00e3o de peso e medida;<br \/>\nOrienta\u00e7\u00f5es;<br \/>\nTestes r\u00e1pidos de gravidez, diabetes, HIV;<br \/>\nVisitas domiciliares pelos componentes da equipe;<br \/>\nVacinas;<br \/>\nOficinas terap\u00eauticas.<\/p>\n<p>&#8212;<\/p>\n<h4><strong>Hist\u00f3rico<\/strong><\/h4>\n<p>Primeiramente iniciou com a presta\u00e7\u00e3o de servi\u00e7os voltados \u00e0 educa\u00e7\u00e3o.<\/p>\n<p>Devido \u00e0 grande necessidade da comunidade, aproximadamente no ano de 1986, foi criado o posto de sa\u00fade, oferecendo atendimento m\u00e9dico.<\/p>\n<p>M\u00e9dicos da \u00e9poca eram Dra. Maria L\u00facia e Dr. Serafim.<\/p>\n<p>No ano de 1992 com a vinda do Dr. La Rocca, teve in\u00edcio o atendimento odontol\u00f3gico.<\/p>\n","protected":false},"excerpt":{"rendered":"<p>Esperan\u00e7a Contatos Telefone: (55) 3513-5173 | 99647-4519 Email: ubsesperanca@fumssar.com.br &#8212; Endere\u00e7o Rua Estanislau Kwiatkowski, 267,&#8230;<\/p>\n","protected":false},"author":1,"featured_media":0,"parent":124,"menu_order":0,"comment_status":"closed","ping_status":"open","template":"","meta":{"footnotes":""},"_links":{"self":[{"href":"http:\/\/www.fumssar.com.br\/index.php?rest_route=\/wp\/v2\/pages\/126"}],"collection":[{"href":"http:\/\/www.fumssar.com.br\/index.php?rest_route=\/wp\/v2\/pages"}],"about":[{"href":"http:\/\/www.fumssar.com.br\/index.php?rest_route=\/wp\/v2\/types\/page"}],"author":[{"embeddable":true,"href":"http:\/\/www.fumssar.com.br\/index.php?rest_route=\/wp\/v2\/users\/1"}],"replies":[{"embeddable":true,"href":"http:\/\/www.fumssar.com.br\/index.php?rest_route=%2Fwp%2Fv2%2Fcomments&post=126"}],"version-history":[{"count":12,"href":"http:\/\/www.fumssar.com.br\/index.php?rest_route=\/wp\/v2\/pages\/126\/revisions"}],"predecessor-version":[{"id":17692,"href":"http:\/\/www.fumssar.com.br\/index.php?rest_route=\/wp\/v2\/pages\/126\/revisions\/17692"}],"up":[{"embeddable":true,"href":"http:\/\/www.fumssar.com.br\/index.php?rest_route=\/wp\/v2\/pages\/124"}],"wp:attachment":[{"href":"http:\/\/www.fumssar.com.br\/index.php?rest_route=%2Fwp%2Fv2%2Fmedia&parent=126"}],"curies":[{"name":"wp","href":"https:\/\/api.w.org\/{rel}","templated":true}]}}