{"id":118,"date":"2013-11-29T18:06:59","date_gmt":"2013-11-29T18:06:59","guid":{"rendered":"http:\/\/www.fumssar.com.br\/?page_id=118"},"modified":"2021-06-23T15:08:13","modified_gmt":"2021-06-23T18:08:13","slug":"sobre-o-posto","status":"publish","type":"page","link":"http:\/\/www.fumssar.com.br\/?page_id=118","title":{"rendered":"Unidades de Sa\u00fade > Posto de Sa\u00fade Cruzeiro > Sobre o Posto"},"content":{"rendered":"<h3><strong>Cruzeiro<\/strong><\/h3>\n<h4><strong>Contatos<\/strong><\/h4>\n<p><strong>Telefone:<\/strong> (55) 3513-5171 | 99624-6861<br \/>\n<strong>Email:<\/strong> ubscruzeiro@fumssar.com.br<\/p>\n<p>&#8212;<\/p>\n<h4><strong>Endere\u00e7o<\/strong><\/h4>\n<p>Avenida Flores da Cunha, 1322, Bairro Cruzeiro, Santa Rosa &#8211; RS<\/p>\n<p><iframe loading=\"lazy\" style=\"border: 0;\" src=\"https:\/\/www.google.com\/maps\/embed?pb=!1m18!1m12!1m3!1d1045.0825665789941!2d-54.431576650742045!3d-27.868134606060213!2m3!1f0!2f0!3f0!3m2!1i1024!2i768!4f13.1!3m3!1m2!1s0x0%3A0x0!2zMjfCsDUyJzA1LjMiUyA1NMKwMjUnNTEuNCJX!5e1!3m2!1spt-BR!2sbr!4v1467912164414\" width=\"400\" height=\"300\" frameborder=\"0\" allowfullscreen=\"allowfullscreen\"><\/iframe><\/p>\n<p>&#8212;<\/p>\n<h4><strong>Hor\u00e1rio de Atendimento<\/strong><\/h4>\n<p><strong>Segunda a Sexta-Feira<\/strong><br \/>\n<strong>Manh\u00e3:<\/strong> 7:30 \u00e0s 11:30<br \/>\n<strong>Tarde:<\/strong> 13:30 \u00e0s 17:30<\/p>\n<p>&#8212;<\/p>\n<h4><strong>Servi\u00e7os Oferecidos<\/strong><\/h4>\n<p><strong>Atendimento<\/strong><\/p>\n<p>M\u00e9dico Clinico Geral, Enfermeira, Psic\u00f3loga, Nutricionista, Ginecologista, Dentista, Agentes Comunit\u00e1rias de Sa\u00fade, Agente Administrativo, T\u00e9cnicas de Enfermagem.<\/p>\n<p><strong>Atividades em Grupo<\/strong><\/p>\n<p>Adolescentes, Idosos, Hipertensos, Diab\u00e9ticos, Terapia Ocupacional, Gestantes, Tabag\u00edsmo, Grupo de Mulheres N.S.Aparecida.<\/p>\n<p>&#8212;<\/p>\n<h4><strong>Equipe<\/strong><\/h4>\n<p><a href=\"http:\/\/www.fumssar.com.br\/wp-content\/uploads\/2016\/10\/Cruzeiro.pdf\" target=\"_blank\" rel=\"noopener noreferrer\"><img decoding=\"async\" class=\"\" src=\"http:\/\/www.fumssar.com.br\/wp-content\/uploads\/2016\/10\/botao-profissionais-da-UBS.jpg\" alt=\"\" width=\"\" height=\"\" \/><\/a><\/p>\n<p>&#8212;<\/p>\n<p><a href=\"http:\/\/www.fumssar.com.br\/wp-content\/uploads\/2013\/11\/equipe-cruzeiro.jpg\"><img loading=\"lazy\" decoding=\"async\" class=\"size-medium wp-image-364\" src=\"http:\/\/www.fumssar.com.br\/wp-content\/uploads\/2013\/11\/equipe-cruzeiro-300x167.jpg\" alt=\"equipe cruzeiro\" width=\"300\" height=\"167\" srcset=\"http:\/\/www.fumssar.com.br\/wp-content\/uploads\/2013\/11\/equipe-cruzeiro-300x167.jpg 300w, http:\/\/www.fumssar.com.br\/wp-content\/uploads\/2013\/11\/equipe-cruzeiro.jpg 643w\" sizes=\"(max-width: 300px) 100vw, 300px\" \/><\/a><\/p>\n<p>&#8212;<\/p>\n<h4><strong>Hist\u00f3rico<\/strong><\/h4>\n<p>A Unidade de Sa\u00fade de Cruzeiro \u00e9 formada por uma equipe de sa\u00fade de fam\u00edlia, e tem como objetivo desenvolver a\u00e7\u00f5es de promo\u00e7\u00e3o e prote\u00e7\u00e3o a sa\u00fade do indiv\u00edduo, da sua fam\u00edlia e da comunidade.<\/p>\n<p>Antigamente a unidade de sa\u00fade funcionava apenas com plant\u00e3o noturno, era administrado por funcion\u00e1rios do Hospital Dom Bosco. Em dezembro de 1995 com a cria\u00e7\u00e3o da Funda\u00e7\u00e3o Municipal de Sa\u00fade foi criado o servi\u00e7o diurno com um quadro de funcion\u00e1rios aprovados no concurso de abril de 1993 pela Prefeitura Municipal.<\/p>\n<p>A primeira equipe era formada por um m\u00e9dico e um t\u00e9cnico, depois aumentou para dois t\u00e9cnicos e com o aumento da demanda passou para 01 m\u00e9dico, 02 t\u00e9cnicos, 01 enfermeira.<\/p>\n<p>Hoje a equipe esta composta por: 02 m\u00e9dicos: 01 m\u00e9dico cl\u00ednico geral, 01 m\u00e9dico ginecologista, 01 enfermeira, 01 cirurgi\u00e3o dentista, 01 psic\u00f3loga, 01 nutricionista, 01 auxiliar de dentista, 01 agente administrativo, 04 t\u00e9cnicas de enfermagem, 01 servi\u00e7o geral, e 04 agentes de sa\u00fade.<\/p>\n<p><span style=\"color: black;\">A sua estrutura f\u00edsica \u00e9 composta por 01 sala de vacina, 02 sala de farm\u00e1cia, 01 sala de recep\u00e7\u00e3o, 01 sala de espera, 01 consult\u00f3rio odontol\u00f3gico, 01 consult\u00f3rio ginecol\u00f3gico, 01 consult\u00f3rio m\u00e9dico, 01 sala de atendimento de psic\u00f3loga e nutri\u00e7\u00e3o, 01 sala da enfermeira, 01 sala de procedimento, 01 sala de expurgo, 01 sala de esteriliza\u00e7\u00e3o, 01 banheiros para profissionais e 02 para usu\u00e1rios, sala de espera, 02 consult\u00f3rios com banheiro, 01 sala ACS,<br \/>\n<\/span><\/p>\n","protected":false},"excerpt":{"rendered":"<p>Cruzeiro Contatos Telefone: (55) 3513-5171 | 99624-6861 Email: ubscruzeiro@fumssar.com.br &#8212; Endere\u00e7o Avenida Flores da Cunha,&#8230;<\/p>\n","protected":false},"author":1,"featured_media":0,"parent":116,"menu_order":0,"comment_status":"closed","ping_status":"open","template":"","meta":{"footnotes":""},"_links":{"self":[{"href":"http:\/\/www.fumssar.com.br\/index.php?rest_route=\/wp\/v2\/pages\/118"}],"collection":[{"href":"http:\/\/www.fumssar.com.br\/index.php?rest_route=\/wp\/v2\/pages"}],"about":[{"href":"http:\/\/www.fumssar.com.br\/index.php?rest_route=\/wp\/v2\/types\/page"}],"author":[{"embeddable":true,"href":"http:\/\/www.fumssar.com.br\/index.php?rest_route=\/wp\/v2\/users\/1"}],"replies":[{"embeddable":true,"href":"http:\/\/www.fumssar.com.br\/index.php?rest_route=%2Fwp%2Fv2%2Fcomments&post=118"}],"version-history":[{"count":11,"href":"http:\/\/www.fumssar.com.br\/index.php?rest_route=\/wp\/v2\/pages\/118\/revisions"}],"predecessor-version":[{"id":17711,"href":"http:\/\/www.fumssar.com.br\/index.php?rest_route=\/wp\/v2\/pages\/118\/revisions\/17711"}],"up":[{"embeddable":true,"href":"http:\/\/www.fumssar.com.br\/index.php?rest_route=\/wp\/v2\/pages\/116"}],"wp:attachment":[{"href":"http:\/\/www.fumssar.com.br\/index.php?rest_route=%2Fwp%2Fv2%2Fmedia&parent=118"}],"curies":[{"name":"wp","href":"https:\/\/api.w.org\/{rel}","templated":true}]}}