{"id":1120,"date":"2014-03-19T18:28:25","date_gmt":"2014-03-19T18:28:25","guid":{"rendered":"http:\/\/www.fumssar.com.br\/?page_id=1120"},"modified":"2014-03-19T18:48:05","modified_gmt":"2014-03-19T18:48:05","slug":"publicacoes-legais-licitacoes-downloads","status":"publish","type":"page","link":"http:\/\/www.fumssar.com.br\/?page_id=1120","title":{"rendered":"Publica\u00e7\u00f5es Legais > Licita\u00e7\u00f5es > Downloads"},"content":{"rendered":"<p><font color=\"black\"><\/p>\n<h4>Encontram-se abaixo os links para download do aplicativo Licita para sistemas operacionais Windows e manual de instala\u00e7\u00e3o e utiliza\u00e7\u00e3o do aplicativo.<\/h4>\n<p><\/font><\/p>\n<p><a href=\"http:\/\/www.fumssar.com.br\/wp-content\/uploads\/2014\/03\/instalalicita.zip\">Clique aqui para fazer o download do aplicativo Licita para Windows.<\/a><\/p>\n<p><a href=\"http:\/\/www.fumssar.com.br\/wp-content\/uploads\/2014\/03\/20120611_manual_licita.pdf\">Clique aqui para fazer o download do manual de instala\u00e7\u00e3o e utiliza\u00e7\u00e3o do aplicativo.<\/a><\/p>\n","protected":false},"excerpt":{"rendered":"<p>Encontram-se abaixo os links para download do aplicativo Licita para sistemas operacionais Windows e manual&#8230;<\/p>\n","protected":false},"author":1,"featured_media":0,"parent":238,"menu_order":0,"comment_status":"closed","ping_status":"open","template":"","meta":{"footnotes":""},"_links":{"self":[{"href":"http:\/\/www.fumssar.com.br\/index.php?rest_route=\/wp\/v2\/pages\/1120"}],"collection":[{"href":"http:\/\/www.fumssar.com.br\/index.php?rest_route=\/wp\/v2\/pages"}],"about":[{"href":"http:\/\/www.fumssar.com.br\/index.php?rest_route=\/wp\/v2\/types\/page"}],"author":[{"embeddable":true,"href":"http:\/\/www.fumssar.com.br\/index.php?rest_route=\/wp\/v2\/users\/1"}],"replies":[{"embeddable":true,"href":"http:\/\/www.fumssar.com.br\/index.php?rest_route=%2Fwp%2Fv2%2Fcomments&post=1120"}],"version-history":[{"count":3,"href":"http:\/\/www.fumssar.com.br\/index.php?rest_route=\/wp\/v2\/pages\/1120\/revisions"}],"predecessor-version":[{"id":1126,"href":"http:\/\/www.fumssar.com.br\/index.php?rest_route=\/wp\/v2\/pages\/1120\/revisions\/1126"}],"up":[{"embeddable":true,"href":"http:\/\/www.fumssar.com.br\/index.php?rest_route=\/wp\/v2\/pages\/238"}],"wp:attachment":[{"href":"http:\/\/www.fumssar.com.br\/index.php?rest_route=%2Fwp%2Fv2%2Fmedia&parent=1120"}],"curies":[{"name":"wp","href":"https:\/\/api.w.org\/{rel}","templated":true}]}}