{"id":110,"date":"2013-11-29T18:05:02","date_gmt":"2013-11-29T18:05:02","guid":{"rendered":"http:\/\/www.fumssar.com.br\/?page_id=110"},"modified":"2021-06-23T15:01:50","modified_gmt":"2021-06-23T18:01:50","slug":"sobre-o-posto","status":"publish","type":"page","link":"http:\/\/www.fumssar.com.br\/?page_id=110","title":{"rendered":"Unidades de Sa\u00fade > Posto de Sa\u00fade Bela Uni\u00e3o > Sobre o Posto"},"content":{"rendered":"<h3><strong>Bela Uni\u00e3o<\/strong><\/h3>\n<h4><strong>Contatos<\/strong><\/h4>\n<p><strong>Telefone:<\/strong> (55) 3513-5183 | 99973-9140<br \/>\n<strong>Email:<\/strong> ubsbelauniao@fumssar.com.br<\/p>\n<p>&#8212;<\/p>\n<h4><strong>Endere\u00e7o<\/strong><\/h4>\n<p>Localidade de Bela Uni\u00e3o, Interior, Santa Rosa &#8211; RS<\/p>\n<p><iframe loading=\"lazy\" style=\"border: 0;\" src=\"https:\/\/www.google.com\/maps\/embed?pb=!1m18!1m12!1m3!1d1048.9673829949031!2d-54.400623753085114!3d-27.819939600876104!2m3!1f0!2f0!3f0!3m2!1i1024!2i768!4f13.1!3m3!1m2!1s0x0%3A0x0!2zMjfCsDQ5JzExLjgiUyA1NMKwMjMnNTkuOSJX!5e1!3m2!1spt-BR!2sbr!4v1467911188984\" width=\"400\" height=\"300\" frameborder=\"0\" allowfullscreen=\"allowfullscreen\"><\/iframe><\/p>\n<p>&#8212;<\/p>\n<h4><strong>Hor\u00e1rio de Atendimento<\/strong><\/h4>\n<p><strong>Segunda a Sexta-Feira<\/strong><br \/>\nDas 8 \u00e0s 16 horas sem fechar ao meio dia &#8211; Nas Sextas-Feiras o atendimento encerra as 16 horas devido a reuni\u00e3o de equipe.<\/p>\n<p>&#8212;<\/p>\n<h4><strong>Servi\u00e7os Oferecidos<\/strong><\/h4>\n<p><strong>Cronograma de Atendimento<\/strong><\/p>\n<p>Acolhimento aos usu\u00e1rios, consultas cl\u00ednicas (m\u00e9dica, de enfermagem, psic\u00f3loga, nutricionista, dentista, terapeuta ocupacional, educadora f\u00edsica), pr\u00e9-natal, preven\u00e7\u00e3o do c\u00e2ncer de colo uterino e mamas, procedimentos cir\u00fargicos ambulatoriais, procedimentos odontol\u00f3gicos, procedimentos de enfermagem, atividades educativas na comunidade e escolas, entrega de medicamentos, imuniza\u00e7\u00f5es, puericultura, visitas domiciliares, entre outros.<\/p>\n<p>&#8212;<\/p>\n<h4><strong>Equipe<\/strong><\/h4>\n<p><a href=\"http:\/\/www.fumssar.com.br\/wp-content\/uploads\/2016\/10\/Bela-Uni\u00e3o.pdf\" target=\"_blank\" rel=\"noopener noreferrer\"><img decoding=\"async\" class=\"\" src=\"http:\/\/www.fumssar.com.br\/wp-content\/uploads\/2016\/10\/botao-profissionais-da-UBS.jpg\" alt=\"\" width=\"\" height=\"\" \/><\/a><\/p>\n<p>&#8212;<\/p>\n<h4><strong>Posto Avan\u00e7ado \u2013 Esquina Candeia<\/strong><\/h4>\n<p><a href=\"http:\/\/www.fumssar.com.br\/?page_id=8888\" target=\"_blank\" rel=\"noopener noreferrer\"><img decoding=\"async\" class=\"\" src=\"http:\/\/www.fumssar.com.br\/wp-content\/uploads\/2016\/10\/btn-posto-avancado-candeia.jpg\" alt=\"\" width=\"\" height=\"\" \/><\/a><\/p>\n<p>&#8212;<\/p>\n<p><a href=\"http:\/\/www.fumssar.com.br\/wp-content\/uploads\/2013\/11\/DSC02285.jpg\"><img loading=\"lazy\" decoding=\"async\" class=\"size-medium wp-image-360\" src=\"http:\/\/www.fumssar.com.br\/wp-content\/uploads\/2013\/11\/DSC02285-300x225.jpg\" alt=\"DSC02285\" width=\"300\" height=\"225\" srcset=\"http:\/\/www.fumssar.com.br\/wp-content\/uploads\/2013\/11\/DSC02285-300x225.jpg 300w, http:\/\/www.fumssar.com.br\/wp-content\/uploads\/2013\/11\/DSC02285-1024x768.jpg 1024w\" sizes=\"(max-width: 300px) 100vw, 300px\" \/><\/a><\/p>\n<p>&#8212;<\/p>\n<h4><strong>Hist\u00f3rico<\/strong><\/h4>\n<p>A Unidade de Sa\u00fade de Bela Uni\u00e3o est\u00e1 localizada no interior do Munic\u00edpio de Santa Rosa, no distrito de Bela Uni\u00e3o, e faz divisa com os munic\u00edpios de Tr\u00eas de Maio, Tuparendi, Tucunduva e Giru\u00e1.<\/p>\n<p>A Unidade de Sa\u00fade de Bela Uni\u00e3o foi inaugurada no dia 04 de julho de 1996, ap\u00f3s dois anos de reivindica\u00e7\u00e3o da comunidade junto ao Conselho Municipal de Sa\u00fade, onde reuniram-se as autoridades municipais, a comunidade e os profissionais nomeados para trabalhar na equipe.<\/p>\n<p>Popula\u00e7\u00e3o predominante alem\u00e3 e italiana e sua ocupa\u00e7\u00e3o principal \u00e9 a agricultura. Religi\u00e3o: Batista, Luterana, Cat\u00f3lica e outras. Duas escolas de ensino fundamental (municipal e estadual). Existe quadras de esportivas, igrejas e sal\u00f5es comunit\u00e1rios. Cooperativa Mista S\u00e3o Luiz, Olarias, Madeireira, Nutrirosa, mercados, granjas de su\u00ednos e outros.<\/p>\n","protected":false},"excerpt":{"rendered":"<p>Bela Uni\u00e3o Contatos Telefone: (55) 3513-5183 | 99973-9140 Email: ubsbelauniao@fumssar.com.br &#8212; Endere\u00e7o Localidade de Bela&#8230;<\/p>\n","protected":false},"author":1,"featured_media":0,"parent":108,"menu_order":0,"comment_status":"closed","ping_status":"open","template":"","meta":{"footnotes":""},"_links":{"self":[{"href":"http:\/\/www.fumssar.com.br\/index.php?rest_route=\/wp\/v2\/pages\/110"}],"collection":[{"href":"http:\/\/www.fumssar.com.br\/index.php?rest_route=\/wp\/v2\/pages"}],"about":[{"href":"http:\/\/www.fumssar.com.br\/index.php?rest_route=\/wp\/v2\/types\/page"}],"author":[{"embeddable":true,"href":"http:\/\/www.fumssar.com.br\/index.php?rest_route=\/wp\/v2\/users\/1"}],"replies":[{"embeddable":true,"href":"http:\/\/www.fumssar.com.br\/index.php?rest_route=%2Fwp%2Fv2%2Fcomments&post=110"}],"version-history":[{"count":10,"href":"http:\/\/www.fumssar.com.br\/index.php?rest_route=\/wp\/v2\/pages\/110\/revisions"}],"predecessor-version":[{"id":17706,"href":"http:\/\/www.fumssar.com.br\/index.php?rest_route=\/wp\/v2\/pages\/110\/revisions\/17706"}],"up":[{"embeddable":true,"href":"http:\/\/www.fumssar.com.br\/index.php?rest_route=\/wp\/v2\/pages\/108"}],"wp:attachment":[{"href":"http:\/\/www.fumssar.com.br\/index.php?rest_route=%2Fwp%2Fv2%2Fmedia&parent=110"}],"curies":[{"name":"wp","href":"https:\/\/api.w.org\/{rel}","templated":true}]}}