{"id":106,"date":"2013-11-29T18:03:45","date_gmt":"2013-11-29T18:03:45","guid":{"rendered":"http:\/\/www.fumssar.com.br\/?page_id=106"},"modified":"2021-06-22T15:10:57","modified_gmt":"2021-06-22T18:10:57","slug":"sobre-o-posto","status":"publish","type":"page","link":"http:\/\/www.fumssar.com.br\/?page_id=106","title":{"rendered":"Unidades de Sa\u00fade > Posto de Sa\u00fade Beatriz Oliveira > Sobre o Posto"},"content":{"rendered":"<h3><strong>Beatriz Oliveira<\/strong><\/h3>\n<h4><strong>Contatos<\/strong><\/h4>\n<p><strong>Telefone:<\/strong> (55) 3513-5169 | 99632-1371<br \/>\n<strong>Email:<\/strong> ubsbeatrizoliveira@fumssar.com.br<\/p>\n<p>&#8212;<\/p>\n<h4><strong>Endere\u00e7o<\/strong><\/h4>\n<p>Rua Uruguai, 429, Vila Oliveira, Santa Rosa &#8211; RS<\/p>\n<p><iframe loading=\"lazy\" style=\"border: 0;\" src=\"https:\/\/www.google.com\/maps\/embed?pb=!1m17!1m11!1m3!1d1919.0641899759678!2d-54.455395216237065!3d-27.858935010190187!2m2!1f0!2f0!3m2!1i1024!2i768!4f13.1!3m3!1m2!1s0x94f935ea1402c559%3A0x9529eba312ca66e0!2sPosto+de+Sa%C3%BAde+Beatriz+e+Oliveira!5e1!3m2!1spt-BR!2sbr!4v1467910114635\" width=\"400\" height=\"300\" frameborder=\"0\" allowfullscreen=\"allowfullscreen\"><\/iframe><\/p>\n<p>&#8212;<\/p>\n<h4><strong>Equipe<\/strong><\/h4>\n<p><a href=\"http:\/\/www.fumssar.com.br\/wp-content\/uploads\/2016\/10\/Beatriz-Oliveira.pdf\" target=\"_blank\" rel=\"noopener noreferrer\"><img decoding=\"async\" class=\"\" src=\"http:\/\/www.fumssar.com.br\/wp-content\/uploads\/2016\/10\/botao-profissionais-da-UBS.jpg\" alt=\"\" width=\"\" height=\"\" \/><\/a><\/p>\n<p>&#8212;<\/p>\n<h4><strong>Hist\u00f3rico da Unidade<\/strong><\/h4>\n<p>A Unidade de Sa\u00fade do Distrito Beatriz \/ Oliveira, localizava-se na Rua Porto Alegre, 429, no Bairro Oliveira. Foi constru\u00edda no ano de 1993, com ajuda da comunidade, tem uma \u00e1rea f\u00edsica de aproximadamente 100 m2. Possu\u00eda um consult\u00f3rio Odontol\u00f3gico, um consult\u00f3rio de Enfermagem, uma sala de vacinas, um consult\u00f3rio M\u00e9dico, um consult\u00f3rio multiprofissional (nutricionista, psic\u00f3loga, residentes), uma sala de procedimentos (curativos, nebuliza\u00e7\u00f5es e acolhimento), uma sala de expurgo, uma sala de esteriliza\u00e7\u00e3o de material, um dep\u00f3sito, uma cozinha, uma lavanderia, uma recep\u00e7\u00e3o e uma sala de espera. At\u00e9 agosto de 2010 t\u00ednhamos uma unidade avan\u00e7ada na Vila Balne\u00e1ria, na \u00e9poca o atendimento era feito com uma t\u00e9cnica de enfermagem, um m\u00e9dico, um turno duas vezes na semana (segunda e quinta) uma enfermeira, um turno duas vezes na semana, (segunda e quarta) Nutricionista, um turno na semana. Em 2012 ganhamos uma Unidade nova com uma \u00e1rea de 200 m2, contando com maior espa\u00e7o interno e possuindo rampa de acesso para pacientes com dificuldades, mudando somente a frente para Rua Uruguai, 429, Bairro Oliveira.<\/p>\n<p><strong>Caracteriza\u00e7\u00e3o do Territ\u00f3rio<\/strong><\/p>\n<p>O Distrito abrange as vilas Beatriz, Oliveira, Santos, Banc\u00e1rios, Meinertz, Loteamento Vargas e KM3 parcial, com aproximadamente 5000 habitantes, por\u00e9m n\u00e3o tem cobertura total com agentes de sa\u00fade, com 70% de cobertura, \u00e9 uma \u00e1rea com popula\u00e7\u00e3o carente, mas tamb\u00e9m composta por um n\u00edvel m\u00e9dio. Dentro do nosso Distrito temos duas Escolas Municipais: Escola de Ensino Fundamental Paul Harris e Expedicion\u00e1rio Weber e duas Escolas infantis (uma municipal e outra particular) e uma Escola Federal: Instituto Farroupilha.<\/p>\n<p>&#8212;<\/p>\n<h4>PRINCIPAIS A\u00c7\u00d5ES DESENVOLVIDAS<\/h4>\n<p><strong>Consultas M\u00e9dicas<\/strong><br \/>\nNo momento est\u00e1 funcionando o sistema do acolhimento, diariamente das 7:30 \u00e0s 7:45h s\u00e3o dispensadas as senhas para a organiza\u00e7\u00e3o da escuta. As gestantes s\u00e3o agendadas conforme a necessidade e o protocolo. As consultas para ginecologista, s\u00e3o referenciadas para o m\u00e9dico Giovane no Centro de Especialidades.<br \/>\nAs consultas de puericultura com o m\u00e9dico s\u00e3o agendadas para avalia\u00e7\u00e3o da crian\u00e7a nos primeiros 10 dias ap\u00f3s o nascimento e para orienta\u00e7\u00f5es aos pais, com 06 meses e 12 meses, 18 meses e 24 meses. Com a enfermeira \u00e9 agendado consulta de puericultura com 02 meses e 09 meses. Dos 04 aos 06 meses tamb\u00e9m \u00e9 agendado uma consulta com a nutricionista. Aos 12 meses \u00e9 agendado uma avalia\u00e7\u00e3o com a dentista. As visitas domiciliares s\u00e3o feitas quinzenalmente na sexta-feira, no turno da manh\u00e3.<\/p>\n<p><strong>Consultas de Enfermagem<\/strong><br \/>\nO atendimento \u00e9 feito pela enfermeira, os pacientes s\u00e3o atendidos por agendamento como: de pr\u00e9-natal, pr\u00e9-c\u00e2ncer, puericultura, hipertensos e diab\u00e9ticos. As consultas de enfermagem s\u00e3o atendidas pelo sistema de acolhimento. As visitas domiciliares s\u00e3o feitas por agendamento ou quando solicitadas.<\/p>\n<p><strong>Sala de Procedimentos<\/strong><br \/>\nOs procedimentos realizados s\u00e3o: acolhimento, curativos, retirada de pontos, administra\u00e7\u00e3o de medicamentos, teste da glicose (HGT), verifica\u00e7\u00e3o da press\u00e3o, teste de gravidez (BHCG urin\u00e1rio), investiga\u00e7\u00f5es e avalia\u00e7\u00f5es.<\/p>\n<p><strong>Sala de Vacinas<\/strong><br \/>\nNa sala de vacinas \u00e9 realizado: vacinas, acompanhamento puericultura (peso, altura) teste do pezinho. Tamb\u00e9m s\u00e3o feitas orienta\u00e7\u00f5es aos pais, sobre o desenvolvimento da crian\u00e7a, amamenta\u00e7\u00e3o e vacinas.<\/p>\n<p><strong>Recep\u00e7\u00e3o<\/strong><br \/>\nNa recep\u00e7\u00e3o \u00e9 o primeiro contato de acolhimento das pessoas para: a marca\u00e7\u00e3o de consultas m\u00e9dicas ou retorno de exames, agendamento de exames, consultas de enfermagem para gestantes, pr\u00e9-c\u00e2ncer, pacientes acamados, agendamentos para nutricionista, dentista, psic\u00f3loga, educadora f\u00edsica, assistente social, dispensa\u00e7\u00e3o de medicamentos e orienta\u00e7\u00f5es aos pacientes.<\/p>\n<p><strong>Grupos de Sa\u00fade<\/strong><br \/>\nGrupo de diab\u00e9ticos (uma vez por m\u00eas na quarta de manh\u00e3).<br \/>\nGrupo de tabagismo.<br \/>\nGrupo de gin\u00e1stica na Segunda-feira \u00e0s 18:30h.<br \/>\nGrupo Mama Viva (\u00faltima sexta-feira do m\u00eas, mulheres com c\u00e2ncer de mama, fazendo o trabalho de auto-mutua ajuda).<br \/>\nGrupo de Roda de Terapia, \u00faltima segunda-feira do m\u00eas.<br \/>\nOficina Terap\u00eautica, primeira e terceira ter\u00e7a do m\u00eas.<\/p>\n","protected":false},"excerpt":{"rendered":"<p>Beatriz Oliveira Contatos Telefone: (55) 3513-5169 | 99632-1371 Email: ubsbeatrizoliveira@fumssar.com.br &#8212; Endere\u00e7o Rua Uruguai, 429,&#8230;<\/p>\n","protected":false},"author":1,"featured_media":0,"parent":104,"menu_order":0,"comment_status":"closed","ping_status":"open","template":"","meta":{"footnotes":""},"_links":{"self":[{"href":"http:\/\/www.fumssar.com.br\/index.php?rest_route=\/wp\/v2\/pages\/106"}],"collection":[{"href":"http:\/\/www.fumssar.com.br\/index.php?rest_route=\/wp\/v2\/pages"}],"about":[{"href":"http:\/\/www.fumssar.com.br\/index.php?rest_route=\/wp\/v2\/types\/page"}],"author":[{"embeddable":true,"href":"http:\/\/www.fumssar.com.br\/index.php?rest_route=\/wp\/v2\/users\/1"}],"replies":[{"embeddable":true,"href":"http:\/\/www.fumssar.com.br\/index.php?rest_route=%2Fwp%2Fv2%2Fcomments&post=106"}],"version-history":[{"count":19,"href":"http:\/\/www.fumssar.com.br\/index.php?rest_route=\/wp\/v2\/pages\/106\/revisions"}],"predecessor-version":[{"id":17693,"href":"http:\/\/www.fumssar.com.br\/index.php?rest_route=\/wp\/v2\/pages\/106\/revisions\/17693"}],"up":[{"embeddable":true,"href":"http:\/\/www.fumssar.com.br\/index.php?rest_route=\/wp\/v2\/pages\/104"}],"wp:attachment":[{"href":"http:\/\/www.fumssar.com.br\/index.php?rest_route=%2Fwp%2Fv2%2Fmedia&parent=106"}],"curies":[{"name":"wp","href":"https:\/\/api.w.org\/{rel}","templated":true}]}}