{"id":102,"date":"2013-11-29T18:02:41","date_gmt":"2013-11-29T18:02:41","guid":{"rendered":"http:\/\/www.fumssar.com.br\/?page_id=102"},"modified":"2021-06-22T15:11:29","modified_gmt":"2021-06-22T18:11:29","slug":"sobre-o-posto","status":"publish","type":"page","link":"http:\/\/www.fumssar.com.br\/?page_id=102","title":{"rendered":"Unidades de Sa\u00fade > Posto de Sa\u00fade Balne\u00e1ria > Sobre o Posto"},"content":{"rendered":"<h3><strong>Balne\u00e1ria<\/strong><\/h3>\n<h4><strong>Contatos<\/strong><\/h4>\n<p><strong>Telefone:<\/strong> (55) 3513-5168 | 99632-8485<br \/>\n<strong>Email:<\/strong> ubsbalnearia@fumssar.com.br<\/p>\n<p>&#8212;<\/p>\n<h4><strong>Endere\u00e7o<\/strong><\/h4>\n<p>Rua Castro Alves, 47, Vila Balne\u00e1ria, Santa Rosa &#8211; RS<\/p>\n<p><iframe loading=\"lazy\" style=\"border: 0;\" src=\"https:\/\/www.google.com\/maps\/embed?pb=!1m18!1m12!1m3!1d1042.673443535133!2d-54.466639077028134!3d-27.85253360927791!2m3!1f0!2f0!3f0!3m2!1i1024!2i768!4f13.1!3m3!1m2!1s0x0%3A0x0!2zMjfCsDUxJzA5LjEiUyA1NMKwMjcnNTcuNiJX!5e1!3m2!1spt-BR!2sbr!4v1467909501740\" width=\"400\" height=\"300\" frameborder=\"0\" allowfullscreen=\"allowfullscreen\"><\/iframe><\/p>\n<p>&#8212;<\/p>\n<h4><strong>Hor\u00e1rio de Atendimento<\/strong><\/h4>\n<p><strong>Segunda a Sexta-Feira<\/strong><br \/>\n<strong>Manh\u00e3:<\/strong> 7:30 \u00e0s 11:15<br \/>\n<strong>Tarde:<\/strong> 13:30 \u00e0s 17:15 &#8211; Na Quarta-Feira o atendimento \u00e9 somente at\u00e9 \u00e0s 15h devido a reuni\u00e3o de equipe.<\/p>\n<p>&#8212;<\/p>\n<h4><strong>Servi\u00e7os Oferecidos<\/strong><\/h4>\n<p><strong>Cronograma de Atendimento<\/strong><\/p>\n<p><strong>Atendimento M\u00e9dico:<\/strong><br \/>\nTodos os dias da semana pela manh\u00e3 \u2013 Demanda, 1 idoso e 3 repostas de exames pr\u00e9 agendados.<br \/>\nSegunda-feira \u00e0 tarde &#8211; Atendimento domiciliar para acamados, gestantes pr\u00e9 agendadas e revis\u00e3o de RN.<br \/>\nQuarta-feira \u00e0 tarde \u2013 Gestantes pr\u00e9 agendadas, revis\u00e3o de RN.<br \/>\nTer\u00e7a-feira (quando n\u00e3o h\u00e1 reuni\u00e3o), Quinta e Sexta-feira \u00e0 tarde \u2013 Demanda, 1 idoso e 2 respostas de exames pr\u00e9 agendados.<\/p>\n<p><strong>Atendimento da Enfermeira:<\/strong><br \/>\nTodos os dias da semana, com pr\u00e9 agenda. Esta agenda pode ser feita por telefone.<\/p>\n<p><strong>Atendimento Odontol\u00f3gico:<\/strong><br \/>\nSegunda-feira pela manh\u00e3, Ter\u00e7a-feira \u00e0 tarde(quando n\u00e3o h\u00e1 reuni\u00e3o), Quarta e Sexta-feira \u00e0 tarde e Quinta-feira pela manh\u00e3.<\/p>\n<p><strong>Atendimento de Enfermagem:<\/strong><br \/>\nNa recep\u00e7\u00e3o, farm\u00e1cia, procedimentos e vacinas todos os turnos.<\/p>\n<p><strong>Atividades em Grupo<\/strong><\/p>\n<p>No momento temos o grupo de gin\u00e1stica que acontece nas 2\u00ba feiras \u00e0s 18:00h e nas 4\u00ba feiras \u00e0s 15:30h no sal\u00e3o da comunidade Balne\u00e1ria ao lado da igreja cat\u00f3lica. Este grupo \u00e9 para a popula\u00e7\u00e3o em geral. Est\u00e1 sob a coordena\u00e7\u00e3o da educadora f\u00edsica Daniela e com participa\u00e7\u00e3o de funcion\u00e1rios da equipe Balne\u00e1ria.<\/p>\n<p>Atividades com escolares em parceria com escola Marques do Herval. Esta atividade acontece anualmente, onde s\u00e3o abordados assuntos relacionados a sexualidade, DSTs, preven\u00e7\u00e3o de gravidez na adolesc\u00eancia, conseq\u00fc\u00eancias de uso de drogas e \u00e1lcool., e desenvolvimento do corpo humano em seus diferentes est\u00e1gios de vida.<\/p>\n<p>&#8212;<\/p>\n<h4><strong>Equipe<\/strong><\/h4>\n<p><a href=\"http:\/\/www.fumssar.com.br\/wp-content\/uploads\/2016\/10\/Balne\u00e1ria.pdf\" target=\"_blank\" rel=\"noopener noreferrer\"><img decoding=\"async\" class=\"\" src=\"http:\/\/www.fumssar.com.br\/wp-content\/uploads\/2016\/10\/botao-profissionais-da-UBS.jpg\" alt=\"\" width=\"\" height=\"\" \/><\/a><\/p>\n<p><a href=\"http:\/\/www.fumssar.com.br\/wp-content\/uploads\/2013\/11\/9b0076b4.jpeg\"><img loading=\"lazy\" decoding=\"async\" class=\"size-medium wp-image-349\" src=\"http:\/\/www.fumssar.com.br\/wp-content\/uploads\/2013\/11\/9b0076b4-300x225.jpeg\" alt=\"9b0076b4\" width=\"300\" height=\"225\" srcset=\"http:\/\/www.fumssar.com.br\/wp-content\/uploads\/2013\/11\/9b0076b4-300x225.jpeg 300w, http:\/\/www.fumssar.com.br\/wp-content\/uploads\/2013\/11\/9b0076b4-1024x768.jpeg 1024w, http:\/\/www.fumssar.com.br\/wp-content\/uploads\/2013\/11\/9b0076b4.jpeg 2048w\" sizes=\"(max-width: 300px) 100vw, 300px\" \/><\/a><\/p>\n","protected":false},"excerpt":{"rendered":"<p>Balne\u00e1ria Contatos Telefone: (55) 3513-5168 | 99632-8485 Email: ubsbalnearia@fumssar.com.br &#8212; Endere\u00e7o Rua Castro Alves, 47,&#8230;<\/p>\n","protected":false},"author":1,"featured_media":0,"parent":100,"menu_order":0,"comment_status":"closed","ping_status":"open","template":"","meta":{"footnotes":""},"_links":{"self":[{"href":"http:\/\/www.fumssar.com.br\/index.php?rest_route=\/wp\/v2\/pages\/102"}],"collection":[{"href":"http:\/\/www.fumssar.com.br\/index.php?rest_route=\/wp\/v2\/pages"}],"about":[{"href":"http:\/\/www.fumssar.com.br\/index.php?rest_route=\/wp\/v2\/types\/page"}],"author":[{"embeddable":true,"href":"http:\/\/www.fumssar.com.br\/index.php?rest_route=\/wp\/v2\/users\/1"}],"replies":[{"embeddable":true,"href":"http:\/\/www.fumssar.com.br\/index.php?rest_route=%2Fwp%2Fv2%2Fcomments&post=102"}],"version-history":[{"count":13,"href":"http:\/\/www.fumssar.com.br\/index.php?rest_route=\/wp\/v2\/pages\/102\/revisions"}],"predecessor-version":[{"id":17694,"href":"http:\/\/www.fumssar.com.br\/index.php?rest_route=\/wp\/v2\/pages\/102\/revisions\/17694"}],"up":[{"embeddable":true,"href":"http:\/\/www.fumssar.com.br\/index.php?rest_route=\/wp\/v2\/pages\/100"}],"wp:attachment":[{"href":"http:\/\/www.fumssar.com.br\/index.php?rest_route=%2Fwp%2Fv2%2Fmedia&parent=102"}],"curies":[{"name":"wp","href":"https:\/\/api.w.org\/{rel}","templated":true}]}}